{"id":688,"date":"2022-10-22T17:37:08","date_gmt":"2022-10-22T15:37:08","guid":{"rendered":"https:\/\/www.jellypir.at\/bienvenue\/?post_type=product&#038;p=688"},"modified":"2023-08-23T11:14:35","modified_gmt":"2023-08-23T09:14:35","slug":"print-yokai-kosode-no-te","status":"publish","type":"product","link":"https:\/\/www.jellypir.at\/bienvenue\/produit\/print-yokai-kosode-no-te\/","title":{"rendered":"Yokai &#8211; Kosode No Te"},"content":{"rendered":"<p>Impression num\u00e9rique sur papier 300gr<\/p>\n<p>Illustration dessin\u00e9e sur PC avec un logiciel vectoriel<\/p>\n<p><em>Recommandation : une fois l&rsquo;illustration r\u00e9ceptionn\u00e9e : ne pas h\u00e9siter \u00e0 le mettre sous cadre !<br \/>\n<\/em><\/p>\n","protected":false},"excerpt":{"rendered":"<p>Impression num\u00e9rique sur papier 300gr Illustration dessin\u00e9e sur PC avec un logiciel vectoriel Recommandation : une fois l&rsquo;illustration r\u00e9ceptionn\u00e9e : ne pas h\u00e9siter \u00e0 le mettre sous cadre !<\/p>\n","protected":false},"featured_media":694,"comment_status":"open","ping_status":"closed","template":"","meta":{"ocean_post_layout":"full-width","ocean_both_sidebars_style":"","ocean_both_sidebars_content_width":0,"ocean_both_sidebars_sidebars_width":0,"ocean_sidebar":"woo_sidebar","ocean_second_sidebar":"0","ocean_disable_margins":"enable","ocean_add_body_class":"jelly-woo-produit","ocean_shortcode_before_top_bar":"","ocean_shortcode_after_top_bar":"","ocean_shortcode_before_header":"","ocean_shortcode_after_header":"","ocean_has_shortcode":"","ocean_shortcode_after_title":"","ocean_shortcode_before_footer_widgets":"","ocean_shortcode_after_footer_widgets":"","ocean_shortcode_before_footer_bottom":"","ocean_shortcode_after_footer_bottom":"","ocean_display_top_bar":"off","ocean_display_header":"default","ocean_header_style":"","ocean_center_header_left_menu":"0","ocean_custom_header_template":"0","ocean_custom_logo":0,"ocean_custom_retina_logo":0,"ocean_custom_logo_max_width":0,"ocean_custom_logo_tablet_max_width":0,"ocean_custom_logo_mobile_max_width":0,"ocean_custom_logo_max_height":0,"ocean_custom_logo_tablet_max_height":0,"ocean_custom_logo_mobile_max_height":0,"ocean_header_custom_menu":"0","ocean_menu_typo_font_family":"0","ocean_menu_typo_font_subset":"","ocean_menu_typo_font_size":0,"ocean_menu_typo_font_size_tablet":0,"ocean_menu_typo_font_size_mobile":0,"ocean_menu_typo_font_size_unit":"px","ocean_menu_typo_font_weight":"","ocean_menu_typo_font_weight_tablet":"","ocean_menu_typo_font_weight_mobile":"","ocean_menu_typo_transform":"","ocean_menu_typo_transform_tablet":"","ocean_menu_typo_transform_mobile":"","ocean_menu_typo_line_height":0,"ocean_menu_typo_line_height_tablet":0,"ocean_menu_typo_line_height_mobile":0,"ocean_menu_typo_line_height_unit":"","ocean_menu_typo_spacing":0,"ocean_menu_typo_spacing_tablet":0,"ocean_menu_typo_spacing_mobile":0,"ocean_menu_typo_spacing_unit":"","ocean_menu_link_color":"","ocean_menu_link_color_hover":"","ocean_menu_link_color_active":"","ocean_menu_link_background":"","ocean_menu_link_hover_background":"","ocean_menu_link_active_background":"","ocean_menu_social_links_bg":"","ocean_menu_social_hover_links_bg":"","ocean_menu_social_links_color":"","ocean_menu_social_hover_links_color":"","ocean_disable_title":"default","ocean_disable_heading":"default","ocean_post_title":"","ocean_post_subheading":"","ocean_post_title_style":"","ocean_post_title_background_color":"","ocean_post_title_background":0,"ocean_post_title_bg_image_position":"","ocean_post_title_bg_image_attachment":"","ocean_post_title_bg_image_repeat":"","ocean_post_title_bg_image_size":"","ocean_post_title_height":0,"ocean_post_title_bg_overlay":0.5,"ocean_post_title_bg_overlay_color":"","ocean_disable_breadcrumbs":"default","ocean_breadcrumbs_color":"","ocean_breadcrumbs_separator_color":"","ocean_breadcrumbs_links_color":"","ocean_breadcrumbs_links_hover_color":"","ocean_display_footer_widgets":"default","ocean_display_footer_bottom":"default","ocean_custom_footer_template":"0"},"product_brand":[],"product_cat":[22],"product_tag":[45,40,50,48],"class_list":{"0":"post-688","1":"product","2":"type-product","3":"status-publish","4":"has-post-thumbnail","6":"product_cat-print","7":"product_tag-artisanat","8":"product_tag-digital-painting","9":"product_tag-illustrator","10":"product_tag-imprimante-perso","11":"product_shipping_class-100g","12":"pa_format-a4","13":"pa_format-a5","14":"pa_format-a6","16":"entry","17":"has-media","19":"first","20":"instock","21":"shipping-taxable","22":"purchasable","23":"product-type-variable","24":"has-rating","25":"has-product-nav","26":"col","27":"span_1_of_3","28":"owp-content-center","29":"item-entry","30":"owp-thumbs-layout-horizontal","31":"owp-btn-normal","32":"owp-tabs-layout-horizontal"},"yoast_head":"<!-- This site is optimized with the Yoast SEO plugin v26.3 - https:\/\/yoast.com\/wordpress\/plugins\/seo\/ -->\n<title>Print Yokai - Kosode No Te - JellyPir.@t<\/title>\n<meta name=\"robots\" content=\"index, follow, max-snippet:-1, max-image-preview:large, max-video-preview:-1\" \/>\n<link rel=\"canonical\" href=\"https:\/\/www.jellypir.at\/bienvenue\/produit\/print-yokai-kosode-no-te\/\" \/>\n<meta property=\"og:locale\" content=\"fr_FR\" \/>\n<meta property=\"og:type\" content=\"article\" \/>\n<meta property=\"og:title\" content=\"Print Yokai - Kosode No Te - JellyPir.@t\" \/>\n<meta property=\"og:description\" content=\"Impression num\u00e9rique sur papier 300gr Illustration dessin\u00e9e sur PC avec un logiciel vectoriel Recommandation : une fois l&rsquo;illustration r\u00e9ceptionn\u00e9e : ne pas h\u00e9siter \u00e0 le mettre sous cadre !\" \/>\n<meta property=\"og:url\" content=\"https:\/\/www.jellypir.at\/bienvenue\/produit\/print-yokai-kosode-no-te\/\" \/>\n<meta property=\"og:site_name\" content=\"JellyPir.@t\" \/>\n<meta property=\"article:modified_time\" content=\"2023-08-23T09:14:35+00:00\" \/>\n<meta property=\"og:image\" content=\"https:\/\/www.jellypir.at\/bienvenue\/wp-content\/uploads\/2022\/10\/kosode-no-te2-1.jpg\" \/>\n\t<meta property=\"og:image:width\" content=\"1400\" \/>\n\t<meta property=\"og:image:height\" content=\"1803\" \/>\n\t<meta property=\"og:image:type\" content=\"image\/jpeg\" \/>\n<meta name=\"twitter:card\" content=\"summary_large_image\" \/>\n<meta name=\"twitter:label1\" content=\"Dur\u00e9e de lecture estim\u00e9e\" \/>\n\t<meta name=\"twitter:data1\" content=\"1 minute\" \/>\n<script type=\"application\/ld+json\" class=\"yoast-schema-graph\">{\"@context\":\"https:\/\/schema.org\",\"@graph\":[{\"@type\":\"WebPage\",\"@id\":\"https:\/\/www.jellypir.at\/bienvenue\/produit\/print-yokai-kosode-no-te\/\",\"url\":\"https:\/\/www.jellypir.at\/bienvenue\/produit\/print-yokai-kosode-no-te\/\",\"name\":\"Print Yokai - Kosode No Te - JellyPir.@t\",\"isPartOf\":{\"@id\":\"https:\/\/www.jellypir.at\/bienvenue\/#website\"},\"primaryImageOfPage\":{\"@id\":\"https:\/\/www.jellypir.at\/bienvenue\/produit\/print-yokai-kosode-no-te\/#primaryimage\"},\"image\":{\"@id\":\"https:\/\/www.jellypir.at\/bienvenue\/produit\/print-yokai-kosode-no-te\/#primaryimage\"},\"thumbnailUrl\":\"https:\/\/www.jellypir.at\/bienvenue\/wp-content\/uploads\/2022\/10\/kosode-no-te2-1.jpg\",\"datePublished\":\"2022-10-22T15:37:08+00:00\",\"dateModified\":\"2023-08-23T09:14:35+00:00\",\"breadcrumb\":{\"@id\":\"https:\/\/www.jellypir.at\/bienvenue\/produit\/print-yokai-kosode-no-te\/#breadcrumb\"},\"inLanguage\":\"fr-FR\",\"potentialAction\":[{\"@type\":\"ReadAction\",\"target\":[\"https:\/\/www.jellypir.at\/bienvenue\/produit\/print-yokai-kosode-no-te\/\"]}]},{\"@type\":\"ImageObject\",\"inLanguage\":\"fr-FR\",\"@id\":\"https:\/\/www.jellypir.at\/bienvenue\/produit\/print-yokai-kosode-no-te\/#primaryimage\",\"url\":\"https:\/\/www.jellypir.at\/bienvenue\/wp-content\/uploads\/2022\/10\/kosode-no-te2-1.jpg\",\"contentUrl\":\"https:\/\/www.jellypir.at\/bienvenue\/wp-content\/uploads\/2022\/10\/kosode-no-te2-1.jpg\",\"width\":1400,\"height\":1803,\"caption\":\"Kosode No Te\"},{\"@type\":\"BreadcrumbList\",\"@id\":\"https:\/\/www.jellypir.at\/bienvenue\/produit\/print-yokai-kosode-no-te\/#breadcrumb\",\"itemListElement\":[{\"@type\":\"ListItem\",\"position\":1,\"name\":\"Accueil\",\"item\":\"https:\/\/www.jellypir.at\/bienvenue\/\"},{\"@type\":\"ListItem\",\"position\":2,\"name\":\"Shop\",\"item\":\"https:\/\/www.jellypir.at\/bienvenue\/\"},{\"@type\":\"ListItem\",\"position\":3,\"name\":\"Yokai &#8211; Kosode No Te\"}]},{\"@type\":\"WebSite\",\"@id\":\"https:\/\/www.jellypir.at\/bienvenue\/#website\",\"url\":\"https:\/\/www.jellypir.at\/bienvenue\/\",\"name\":\"JellyPir.@t\",\"description\":\"\",\"publisher\":{\"@id\":\"https:\/\/www.jellypir.at\/bienvenue\/#organization\"},\"potentialAction\":[{\"@type\":\"SearchAction\",\"target\":{\"@type\":\"EntryPoint\",\"urlTemplate\":\"https:\/\/www.jellypir.at\/bienvenue\/?s={search_term_string}\"},\"query-input\":{\"@type\":\"PropertyValueSpecification\",\"valueRequired\":true,\"valueName\":\"search_term_string\"}}],\"inLanguage\":\"fr-FR\"},{\"@type\":\"Organization\",\"@id\":\"https:\/\/www.jellypir.at\/bienvenue\/#organization\",\"name\":\"JellyPir.@t - Graphiste Web Designer\",\"url\":\"https:\/\/www.jellypir.at\/bienvenue\/\",\"logo\":{\"@type\":\"ImageObject\",\"inLanguage\":\"fr-FR\",\"@id\":\"https:\/\/www.jellypir.at\/bienvenue\/#\/schema\/logo\/image\/\",\"url\":\"https:\/\/www.jellypir.at\/bienvenue\/wp-content\/uploads\/2022\/10\/Fichier-44-1024x701-1.png\",\"contentUrl\":\"https:\/\/www.jellypir.at\/bienvenue\/wp-content\/uploads\/2022\/10\/Fichier-44-1024x701-1.png\",\"width\":1024,\"height\":701,\"caption\":\"JellyPir.@t - Graphiste Web Designer\"},\"image\":{\"@id\":\"https:\/\/www.jellypir.at\/bienvenue\/#\/schema\/logo\/image\/\"},\"sameAs\":[\"https:\/\/www.instagram.com\/psyloute\/\"]}]}<\/script>\n<!-- \/ Yoast SEO plugin. -->","yoast_head_json":{"title":"Print Yokai - Kosode No Te - JellyPir.@t","robots":{"index":"index","follow":"follow","max-snippet":"max-snippet:-1","max-image-preview":"max-image-preview:large","max-video-preview":"max-video-preview:-1"},"canonical":"https:\/\/www.jellypir.at\/bienvenue\/produit\/print-yokai-kosode-no-te\/","og_locale":"fr_FR","og_type":"article","og_title":"Print Yokai - Kosode No Te - JellyPir.@t","og_description":"Impression num\u00e9rique sur papier 300gr Illustration dessin\u00e9e sur PC avec un logiciel vectoriel Recommandation : une fois l&rsquo;illustration r\u00e9ceptionn\u00e9e : ne pas h\u00e9siter \u00e0 le mettre sous cadre !","og_url":"https:\/\/www.jellypir.at\/bienvenue\/produit\/print-yokai-kosode-no-te\/","og_site_name":"JellyPir.@t","article_modified_time":"2023-08-23T09:14:35+00:00","og_image":[{"width":1400,"height":1803,"url":"https:\/\/www.jellypir.at\/bienvenue\/wp-content\/uploads\/2022\/10\/kosode-no-te2-1.jpg","type":"image\/jpeg"}],"twitter_card":"summary_large_image","twitter_misc":{"Dur\u00e9e de lecture estim\u00e9e":"1 minute"},"schema":{"@context":"https:\/\/schema.org","@graph":[{"@type":"WebPage","@id":"https:\/\/www.jellypir.at\/bienvenue\/produit\/print-yokai-kosode-no-te\/","url":"https:\/\/www.jellypir.at\/bienvenue\/produit\/print-yokai-kosode-no-te\/","name":"Print Yokai - Kosode No Te - JellyPir.@t","isPartOf":{"@id":"https:\/\/www.jellypir.at\/bienvenue\/#website"},"primaryImageOfPage":{"@id":"https:\/\/www.jellypir.at\/bienvenue\/produit\/print-yokai-kosode-no-te\/#primaryimage"},"image":{"@id":"https:\/\/www.jellypir.at\/bienvenue\/produit\/print-yokai-kosode-no-te\/#primaryimage"},"thumbnailUrl":"https:\/\/www.jellypir.at\/bienvenue\/wp-content\/uploads\/2022\/10\/kosode-no-te2-1.jpg","datePublished":"2022-10-22T15:37:08+00:00","dateModified":"2023-08-23T09:14:35+00:00","breadcrumb":{"@id":"https:\/\/www.jellypir.at\/bienvenue\/produit\/print-yokai-kosode-no-te\/#breadcrumb"},"inLanguage":"fr-FR","potentialAction":[{"@type":"ReadAction","target":["https:\/\/www.jellypir.at\/bienvenue\/produit\/print-yokai-kosode-no-te\/"]}]},{"@type":"ImageObject","inLanguage":"fr-FR","@id":"https:\/\/www.jellypir.at\/bienvenue\/produit\/print-yokai-kosode-no-te\/#primaryimage","url":"https:\/\/www.jellypir.at\/bienvenue\/wp-content\/uploads\/2022\/10\/kosode-no-te2-1.jpg","contentUrl":"https:\/\/www.jellypir.at\/bienvenue\/wp-content\/uploads\/2022\/10\/kosode-no-te2-1.jpg","width":1400,"height":1803,"caption":"Kosode No Te"},{"@type":"BreadcrumbList","@id":"https:\/\/www.jellypir.at\/bienvenue\/produit\/print-yokai-kosode-no-te\/#breadcrumb","itemListElement":[{"@type":"ListItem","position":1,"name":"Accueil","item":"https:\/\/www.jellypir.at\/bienvenue\/"},{"@type":"ListItem","position":2,"name":"Shop","item":"https:\/\/www.jellypir.at\/bienvenue\/"},{"@type":"ListItem","position":3,"name":"Yokai &#8211; Kosode No Te"}]},{"@type":"WebSite","@id":"https:\/\/www.jellypir.at\/bienvenue\/#website","url":"https:\/\/www.jellypir.at\/bienvenue\/","name":"JellyPir.@t","description":"","publisher":{"@id":"https:\/\/www.jellypir.at\/bienvenue\/#organization"},"potentialAction":[{"@type":"SearchAction","target":{"@type":"EntryPoint","urlTemplate":"https:\/\/www.jellypir.at\/bienvenue\/?s={search_term_string}"},"query-input":{"@type":"PropertyValueSpecification","valueRequired":true,"valueName":"search_term_string"}}],"inLanguage":"fr-FR"},{"@type":"Organization","@id":"https:\/\/www.jellypir.at\/bienvenue\/#organization","name":"JellyPir.@t - Graphiste Web Designer","url":"https:\/\/www.jellypir.at\/bienvenue\/","logo":{"@type":"ImageObject","inLanguage":"fr-FR","@id":"https:\/\/www.jellypir.at\/bienvenue\/#\/schema\/logo\/image\/","url":"https:\/\/www.jellypir.at\/bienvenue\/wp-content\/uploads\/2022\/10\/Fichier-44-1024x701-1.png","contentUrl":"https:\/\/www.jellypir.at\/bienvenue\/wp-content\/uploads\/2022\/10\/Fichier-44-1024x701-1.png","width":1024,"height":701,"caption":"JellyPir.@t - Graphiste Web Designer"},"image":{"@id":"https:\/\/www.jellypir.at\/bienvenue\/#\/schema\/logo\/image\/"},"sameAs":["https:\/\/www.instagram.com\/psyloute\/"]}]}},"_links":{"self":[{"href":"https:\/\/www.jellypir.at\/bienvenue\/wp-json\/wp\/v2\/product\/688","targetHints":{"allow":["GET"]}}],"collection":[{"href":"https:\/\/www.jellypir.at\/bienvenue\/wp-json\/wp\/v2\/product"}],"about":[{"href":"https:\/\/www.jellypir.at\/bienvenue\/wp-json\/wp\/v2\/types\/product"}],"replies":[{"embeddable":true,"href":"https:\/\/www.jellypir.at\/bienvenue\/wp-json\/wp\/v2\/comments?post=688"}],"version-history":[{"count":3,"href":"https:\/\/www.jellypir.at\/bienvenue\/wp-json\/wp\/v2\/product\/688\/revisions"}],"predecessor-version":[{"id":1330,"href":"https:\/\/www.jellypir.at\/bienvenue\/wp-json\/wp\/v2\/product\/688\/revisions\/1330"}],"wp:featuredmedia":[{"embeddable":true,"href":"https:\/\/www.jellypir.at\/bienvenue\/wp-json\/wp\/v2\/media\/694"}],"wp:attachment":[{"href":"https:\/\/www.jellypir.at\/bienvenue\/wp-json\/wp\/v2\/media?parent=688"}],"wp:term":[{"taxonomy":"product_brand","embeddable":true,"href":"https:\/\/www.jellypir.at\/bienvenue\/wp-json\/wp\/v2\/product_brand?post=688"},{"taxonomy":"product_cat","embeddable":true,"href":"https:\/\/www.jellypir.at\/bienvenue\/wp-json\/wp\/v2\/product_cat?post=688"},{"taxonomy":"product_tag","embeddable":true,"href":"https:\/\/www.jellypir.at\/bienvenue\/wp-json\/wp\/v2\/product_tag?post=688"}],"curies":[{"name":"wp","href":"https:\/\/api.w.org\/{rel}","templated":true}]}}